{"id":1290,"date":"2016-09-20T12:35:35","date_gmt":"2016-09-20T12:35:35","guid":{"rendered":"http:\/\/ld-wp.template-help.com\/wordpress_62222_default-sample\/?page_id=1290"},"modified":"2023-02-08T20:08:29","modified_gmt":"2023-02-08T20:08:29","slug":"alrededores","status":"publish","type":"page","link":"https:\/\/www.loscincolinajes.com\/v2\/alrededores\/","title":{"rendered":"Alrededores"},"content":{"rendered":"\t\t<div data-elementor-type=\"wp-post\" data-elementor-id=\"1290\" class=\"elementor elementor-1290\">\n\t\t\t\t\t\t\t\t\t<section class=\"elementor-section elementor-top-section elementor-element elementor-element-40ihfay elementor-section-full_width elementor-section-height-default elementor-section-height-default\" data-id=\"40ihfay\" data-element_type=\"section\" data-settings=\"{&quot;jet_parallax_layout_list&quot;:[{&quot;jet_parallax_layout_image&quot;:{&quot;url&quot;:&quot;&quot;,&quot;id&quot;:&quot;&quot;},&quot;_id&quot;:&quot;2888995&quot;,&quot;jet_parallax_layout_speed&quot;:{&quot;unit&quot;:&quot;%&quot;,&quot;size&quot;:50,&quot;sizes&quot;:[]},&quot;jet_parallax_layout_image_tablet&quot;:{&quot;url&quot;:&quot;&quot;,&quot;id&quot;:&quot;&quot;},&quot;jet_parallax_layout_image_mobile&quot;:{&quot;url&quot;:&quot;&quot;,&quot;id&quot;:&quot;&quot;},&quot;jet_parallax_layout_type&quot;:&quot;scroll&quot;,&quot;jet_parallax_layout_direction&quot;:null,&quot;jet_parallax_layout_fx_direction&quot;:null,&quot;jet_parallax_layout_z_index&quot;:&quot;&quot;,&quot;jet_parallax_layout_bg_x&quot;:50,&quot;jet_parallax_layout_bg_x_tablet&quot;:&quot;&quot;,&quot;jet_parallax_layout_bg_x_mobile&quot;:&quot;&quot;,&quot;jet_parallax_layout_bg_y&quot;:50,&quot;jet_parallax_layout_bg_y_tablet&quot;:&quot;&quot;,&quot;jet_parallax_layout_bg_y_mobile&quot;:&quot;&quot;,&quot;jet_parallax_layout_bg_size&quot;:&quot;auto&quot;,&quot;jet_parallax_layout_bg_size_tablet&quot;:&quot;&quot;,&quot;jet_parallax_layout_bg_size_mobile&quot;:&quot;&quot;,&quot;jet_parallax_layout_animation_prop&quot;:&quot;transform&quot;,&quot;jet_parallax_layout_on&quot;:[&quot;desktop&quot;,&quot;tablet&quot;]}]}\">\n\t\t\t\t\t\t<div class=\"elementor-container elementor-column-gap-no\">\n\t\t\t\t\t<div class=\"elementor-column elementor-col-100 elementor-top-column elementor-element elementor-element-8w22f7s\" data-id=\"8w22f7s\" data-element_type=\"column\">\n\t\t\t<div class=\"elementor-widget-wrap elementor-element-populated\">\n\t\t\t\t\t\t\t\t<section class=\"elementor-section elementor-inner-section elementor-element elementor-element-uy8dpir invert elementor-section-boxed elementor-section-height-default elementor-section-height-default\" data-id=\"uy8dpir\" data-element_type=\"section\" data-settings=\"{&quot;background_background&quot;:&quot;classic&quot;,&quot;jet_parallax_layout_list&quot;:[{&quot;jet_parallax_layout_image&quot;:{&quot;url&quot;:&quot;&quot;,&quot;id&quot;:&quot;&quot;},&quot;_id&quot;:&quot;80cca4e&quot;,&quot;jet_parallax_layout_speed&quot;:{&quot;unit&quot;:&quot;%&quot;,&quot;size&quot;:50,&quot;sizes&quot;:[]},&quot;jet_parallax_layout_image_tablet&quot;:{&quot;url&quot;:&quot;&quot;,&quot;id&quot;:&quot;&quot;},&quot;jet_parallax_layout_image_mobile&quot;:{&quot;url&quot;:&quot;&quot;,&quot;id&quot;:&quot;&quot;},&quot;jet_parallax_layout_type&quot;:&quot;scroll&quot;,&quot;jet_parallax_layout_direction&quot;:null,&quot;jet_parallax_layout_fx_direction&quot;:null,&quot;jet_parallax_layout_z_index&quot;:&quot;&quot;,&quot;jet_parallax_layout_bg_x&quot;:50,&quot;jet_parallax_layout_bg_x_tablet&quot;:&quot;&quot;,&quot;jet_parallax_layout_bg_x_mobile&quot;:&quot;&quot;,&quot;jet_parallax_layout_bg_y&quot;:50,&quot;jet_parallax_layout_bg_y_tablet&quot;:&quot;&quot;,&quot;jet_parallax_layout_bg_y_mobile&quot;:&quot;&quot;,&quot;jet_parallax_layout_bg_size&quot;:&quot;auto&quot;,&quot;jet_parallax_layout_bg_size_tablet&quot;:&quot;&quot;,&quot;jet_parallax_layout_bg_size_mobile&quot;:&quot;&quot;,&quot;jet_parallax_layout_animation_prop&quot;:&quot;transform&quot;,&quot;jet_parallax_layout_on&quot;:[&quot;desktop&quot;,&quot;tablet&quot;]}]}\">\n\t\t\t\t\t\t\t<div class=\"elementor-background-overlay\"><\/div>\n\t\t\t\t\t\t\t<div class=\"elementor-container elementor-column-gap-no\">\n\t\t\t\t\t<div class=\"elementor-column elementor-col-100 elementor-inner-column elementor-element elementor-element-qzrcts9\" data-id=\"qzrcts9\" data-element_type=\"column\">\n\t\t\t<div class=\"elementor-widget-wrap elementor-element-populated\">\n\t\t\t\t\t\t\t\t<div class=\"elementor-element elementor-element-bfwcliz elementor-widget elementor-widget-heading\" data-id=\"bfwcliz\" data-element_type=\"widget\" data-widget_type=\"heading.default\">\n\t\t\t\t<div class=\"elementor-widget-container\">\n\t\t\t<style>\/*! elementor - v3.10.2 - 29-01-2023 *\/\n.elementor-heading-title{padding:0;margin:0;line-height:1}.elementor-widget-heading .elementor-heading-title[class*=elementor-size-]>a{color:inherit;font-size:inherit;line-height:inherit}.elementor-widget-heading .elementor-heading-title.elementor-size-small{font-size:15px}.elementor-widget-heading .elementor-heading-title.elementor-size-medium{font-size:19px}.elementor-widget-heading .elementor-heading-title.elementor-size-large{font-size:29px}.elementor-widget-heading .elementor-heading-title.elementor-size-xl{font-size:39px}.elementor-widget-heading .elementor-heading-title.elementor-size-xxl{font-size:59px}<\/style><h3 class=\"elementor-heading-title elementor-size-default\">Las Rutas Culturales desde Arevalo son una invitacio\u0301n a conocer la riqueza del interior de este pai\u0301s a trave\u0301s de diversos itinerarios.<\/h3>\t\t<\/div>\n\t\t\t\t<\/div>\n\t\t\t\t<div class=\"elementor-element elementor-element-zyikmyg elementor-widget elementor-widget-text-editor\" data-id=\"zyikmyg\" data-element_type=\"widget\" data-widget_type=\"text-editor.default\">\n\t\t\t\t<div class=\"elementor-widget-container\">\n\t\t\t<style>\/*! elementor - v3.10.2 - 29-01-2023 *\/\n.elementor-widget-text-editor.elementor-drop-cap-view-stacked .elementor-drop-cap{background-color:#818a91;color:#fff}.elementor-widget-text-editor.elementor-drop-cap-view-framed .elementor-drop-cap{color:#818a91;border:3px solid;background-color:transparent}.elementor-widget-text-editor:not(.elementor-drop-cap-view-default) .elementor-drop-cap{margin-top:8px}.elementor-widget-text-editor:not(.elementor-drop-cap-view-default) .elementor-drop-cap-letter{width:1em;height:1em}.elementor-widget-text-editor .elementor-drop-cap{float:left;text-align:center;line-height:1;font-size:50px}.elementor-widget-text-editor .elementor-drop-cap-letter{display:inline-block}<\/style>\t\t\t\t<p>Recorrer cualquiera de estas rutas es adentrarse en el corazo\u0301n de la historia de Espan\u0303a, de su cultura y de sus gentes.<\/p>\t\t\t\t\t\t<\/div>\n\t\t\t\t<\/div>\n\t\t\t\t\t<\/div>\n\t\t<\/div>\n\t\t\t\t\t\t\t<\/div>\n\t\t<\/section>\n\t\t\t\t\t<\/div>\n\t\t<\/div>\n\t\t\t\t\t\t\t<\/div>\n\t\t<\/section>\n\t\t\t\t<section class=\"elementor-section elementor-top-section elementor-element elementor-element-a00283f elementor-section-boxed elementor-section-height-default elementor-section-height-default\" data-id=\"a00283f\" data-element_type=\"section\" data-settings=\"{&quot;jet_parallax_layout_list&quot;:[]}\">\n\t\t\t\t\t\t<div class=\"elementor-container elementor-column-gap-default\">\n\t\t\t\t\t<div class=\"elementor-column elementor-col-100 elementor-top-column elementor-element elementor-element-c649ac5\" data-id=\"c649ac5\" data-element_type=\"column\">\n\t\t\t<div class=\"elementor-widget-wrap elementor-element-populated\">\n\t\t\t\t\t\t\t\t<div class=\"elementor-element elementor-element-e1a9a73 elementor-widget elementor-widget-heading\" data-id=\"e1a9a73\" data-element_type=\"widget\" data-widget_type=\"heading.default\">\n\t\t\t\t<div class=\"elementor-widget-container\">\n\t\t\t<h2 class=\"elementor-heading-title elementor-size-default\"><span style=\"text-align: justify;\"><span style=\"color: rgb(157, 157, 157); font-size: 18px; font-weight: 300; text-transform: none;\">Ar\u00e9valo es uno de los pueblos m\u00e1s importantes de la provincia de \u00c1vila, y tiene una situaci\u00f3n privilegiada con respecto a grandes capitales como Valladolid , Salamanca, Segovia o Madrid.<br>- MADRID: 110 Km.\t1 hora<br>- AVILA: 50 Km. 30 minutos\t<br>- VALLADOLID: 85 Km. 40 minutos<br>- SALAMANCA: 85 Km. 40 minutos<br>- SEGOVIA\t45 Km.\t30 minutos<\/span><\/span><\/h2>\t\t<\/div>\n\t\t\t\t<\/div>\n\t\t\t\t\t<\/div>\n\t\t<\/div>\n\t\t\t\t\t\t\t<\/div>\n\t\t<\/section>\n\t\t\t\t<section class=\"elementor-section elementor-top-section elementor-element elementor-element-1e9d23e elementor-section-boxed elementor-section-height-default elementor-section-height-default\" data-id=\"1e9d23e\" data-element_type=\"section\" data-settings=\"{&quot;jet_parallax_layout_list&quot;:[]}\">\n\t\t\t\t\t\t<div class=\"elementor-container elementor-column-gap-default\">\n\t\t\t\t\t<div class=\"elementor-column elementor-col-100 elementor-top-column elementor-element elementor-element-8dc7308\" data-id=\"8dc7308\" data-element_type=\"column\">\n\t\t\t<div class=\"elementor-widget-wrap elementor-element-populated\">\n\t\t\t\t\t\t\t\t<div class=\"elementor-element elementor-element-5e14c99 elementor-widget elementor-widget-heading\" data-id=\"5e14c99\" data-element_type=\"widget\" data-widget_type=\"heading.default\">\n\t\t\t\t<div class=\"elementor-widget-container\">\n\t\t\t<h2 class=\"elementor-heading-title elementor-size-default\">Ruta de ISABEL LA CAT\u00d3LICA <br><span style=\"text-align: justify;\">\n<span style=\"color: rgb(157, 157, 157); font-size: 18px; font-weight: 300; text-transform: none;\">Una ruta circular de aproximadamente 104 km, visitando las villas de Madrigal de las Altas Torres, Medina del Campo y Olmedo. Aunque la reina Isabel estuvo en muchos puntos de la geograf\u00eda espa\u00f1ola,&nbsp; la ruta se concentra en el sur de Castilla y Le\u00f3n,&nbsp;uniendo las localidades de Tordesillas, Medina del Campo y Valladolid; Ar\u00e9valo, Madrigal de las Altas Torres y el Tiemblo en \u00c1vila y la ciudad de Segovia.&nbsp;<\/span><\/h2>\t\t<\/div>\n\t\t\t\t<\/div>\n\t\t\t\t\t<\/div>\n\t\t<\/div>\n\t\t\t\t\t\t\t<\/div>\n\t\t<\/section>\n\t\t\t\t<section class=\"elementor-section elementor-top-section elementor-element elementor-element-be8b2f3 elementor-section-boxed elementor-section-height-default elementor-section-height-default\" data-id=\"be8b2f3\" data-element_type=\"section\" data-settings=\"{&quot;jet_parallax_layout_list&quot;:[]}\">\n\t\t\t\t\t\t<div class=\"elementor-container elementor-column-gap-default\">\n\t\t\t\t\t<div class=\"elementor-column elementor-col-100 elementor-top-column elementor-element elementor-element-124b9c9\" data-id=\"124b9c9\" data-element_type=\"column\">\n\t\t\t<div class=\"elementor-widget-wrap elementor-element-populated\">\n\t\t\t\t\t\t\t\t<div class=\"elementor-element elementor-element-999f39f elementor-widget elementor-widget-image\" data-id=\"999f39f\" data-element_type=\"widget\" data-widget_type=\"image.default\">\n\t\t\t\t<div class=\"elementor-widget-container\">\n\t\t\t<style>\/*! elementor - v3.10.2 - 29-01-2023 *\/\n.elementor-widget-image{text-align:center}.elementor-widget-image a{display:inline-block}.elementor-widget-image a img[src$=\".svg\"]{width:48px}.elementor-widget-image img{vertical-align:middle;display:inline-block}<\/style>\t\t\t\t\t\t\t\t\t\t\t\t<img loading=\"lazy\" decoding=\"async\" width=\"768\" height=\"432\" src=\"https:\/\/www.loscincolinajes.com\/v2\/wp-content\/uploads\/2022\/09\/madrigal-768x432.jpg\" class=\"attachment-medium_large size-medium_large wp-image-7712\" alt=\"\" srcset=\"https:\/\/www.loscincolinajes.com\/v2\/wp-content\/uploads\/2022\/09\/madrigal-768x432.jpg 768w, https:\/\/www.loscincolinajes.com\/v2\/wp-content\/uploads\/2022\/09\/madrigal-300x169.jpg 300w, https:\/\/www.loscincolinajes.com\/v2\/wp-content\/uploads\/2022\/09\/madrigal-1024x576.jpg 1024w, https:\/\/www.loscincolinajes.com\/v2\/wp-content\/uploads\/2022\/09\/madrigal-158x88.jpg 158w, https:\/\/www.loscincolinajes.com\/v2\/wp-content\/uploads\/2022\/09\/madrigal.jpg 1260w\" sizes=\"auto, (max-width: 768px) 100vw, 768px\" \/>\t\t\t\t\t\t\t\t\t\t\t\t\t\t\t<\/div>\n\t\t\t\t<\/div>\n\t\t\t\t\t<\/div>\n\t\t<\/div>\n\t\t\t\t\t\t\t<\/div>\n\t\t<\/section>\n\t\t\t\t<section class=\"elementor-section elementor-top-section elementor-element elementor-element-e167625 elementor-section-boxed elementor-section-height-default elementor-section-height-default\" data-id=\"e167625\" data-element_type=\"section\" data-settings=\"{&quot;jet_parallax_layout_list&quot;:[]}\">\n\t\t\t\t\t\t<div class=\"elementor-container elementor-column-gap-default\">\n\t\t\t\t\t<div class=\"elementor-column elementor-col-100 elementor-top-column elementor-element elementor-element-ff1fd4e\" data-id=\"ff1fd4e\" data-element_type=\"column\">\n\t\t\t<div class=\"elementor-widget-wrap elementor-element-populated\">\n\t\t\t\t\t\t\t\t<div class=\"elementor-element elementor-element-9ea027d elementor-widget elementor-widget-heading\" data-id=\"9ea027d\" data-element_type=\"widget\" data-widget_type=\"heading.default\">\n\t\t\t\t<div class=\"elementor-widget-container\">\n\t\t\t<h2 class=\"elementor-heading-title elementor-size-default\">Ruta de LOS CASTILLOS<br><span style=\"color: rgb(157, 157, 157); font-size: 18px; font-weight: 300; text-transform: none;\">Una ruta circular de aproximadamente 128 km, visitando las villas de Coca, Cu\u00e9llar e \u00cdscar. Arevalo es nuestro punto de partida, principal poblaci\u00f3n de la comarca y centro neur\u00e1lgico de la misma. Su&nbsp;castillo, situado en un extremo de la ciudad, fue mandado construir a mediados del siglo XV por Don \u00c1lvaro de Z\u00fa\u00f1iga, y a su muerte pas\u00f3 a manos de los Reyes Cat\u00f3licos.<\/span><\/h2>\t\t<\/div>\n\t\t\t\t<\/div>\n\t\t\t\t\t<\/div>\n\t\t<\/div>\n\t\t\t\t\t\t\t<\/div>\n\t\t<\/section>\n\t\t\t\t<section class=\"elementor-section elementor-top-section elementor-element elementor-element-349ebf6 elementor-section-boxed elementor-section-height-default elementor-section-height-default\" data-id=\"349ebf6\" data-element_type=\"section\" data-settings=\"{&quot;jet_parallax_layout_list&quot;:[]}\">\n\t\t\t\t\t\t<div class=\"elementor-container elementor-column-gap-default\">\n\t\t\t\t\t<div class=\"elementor-column elementor-col-100 elementor-top-column elementor-element elementor-element-a3a87c2\" data-id=\"a3a87c2\" data-element_type=\"column\">\n\t\t\t<div class=\"elementor-widget-wrap elementor-element-populated\">\n\t\t\t\t\t\t\t\t<div class=\"elementor-element elementor-element-fadacb4 elementor-widget elementor-widget-image\" data-id=\"fadacb4\" data-element_type=\"widget\" data-widget_type=\"image.default\">\n\t\t\t\t<div class=\"elementor-widget-container\">\n\t\t\t\t\t\t\t\t\t\t\t\t\t\t\t<img loading=\"lazy\" decoding=\"async\" width=\"768\" height=\"512\" src=\"https:\/\/www.loscincolinajes.com\/v2\/wp-content\/uploads\/2022\/09\/castillo-arevalo-768x512.jpg\" class=\"attachment-medium_large size-medium_large wp-image-7713\" alt=\"\" srcset=\"https:\/\/www.loscincolinajes.com\/v2\/wp-content\/uploads\/2022\/09\/castillo-arevalo-768x512.jpg 768w, https:\/\/www.loscincolinajes.com\/v2\/wp-content\/uploads\/2022\/09\/castillo-arevalo-300x200.jpg 300w, https:\/\/www.loscincolinajes.com\/v2\/wp-content\/uploads\/2022\/09\/castillo-arevalo.jpg 796w\" sizes=\"auto, (max-width: 768px) 100vw, 768px\" \/>\t\t\t\t\t\t\t\t\t\t\t\t\t\t\t<\/div>\n\t\t\t\t<\/div>\n\t\t\t\t\t<\/div>\n\t\t<\/div>\n\t\t\t\t\t\t\t<\/div>\n\t\t<\/section>\n\t\t\t\t\t\t\t<\/div>\n\t\t","protected":false},"excerpt":{"rendered":"<p>Las Rutas Culturales desde Arevalo son una invitacio\u0301n a conocer la riqueza del interior de este pai\u0301s a trave\u0301s de diversos itinerarios. Recorrer cualquiera de estas rutas es adentrarse en el corazo\u0301n de la historia de Espan\u0303a, de su cultura y de sus gentes. Ar\u00e9valo es uno de los pueblos m\u00e1s importantes de la provincia &hellip;<\/p>\n","protected":false},"author":1,"featured_media":0,"parent":0,"menu_order":0,"comment_status":"closed","ping_status":"closed","template":"","meta":{"om_disable_all_campaigns":false,"_mi_skip_tracking":false,"footnotes":""},"class_list":["post-1290","page","type-page","status-publish","hentry","no-thumb"],"aioseo_notices":[],"_links":{"self":[{"href":"https:\/\/www.loscincolinajes.com\/v2\/wp-json\/wp\/v2\/pages\/1290","targetHints":{"allow":["GET"]}}],"collection":[{"href":"https:\/\/www.loscincolinajes.com\/v2\/wp-json\/wp\/v2\/pages"}],"about":[{"href":"https:\/\/www.loscincolinajes.com\/v2\/wp-json\/wp\/v2\/types\/page"}],"author":[{"embeddable":true,"href":"https:\/\/www.loscincolinajes.com\/v2\/wp-json\/wp\/v2\/users\/1"}],"replies":[{"embeddable":true,"href":"https:\/\/www.loscincolinajes.com\/v2\/wp-json\/wp\/v2\/comments?post=1290"}],"version-history":[{"count":24,"href":"https:\/\/www.loscincolinajes.com\/v2\/wp-json\/wp\/v2\/pages\/1290\/revisions"}],"predecessor-version":[{"id":8167,"href":"https:\/\/www.loscincolinajes.com\/v2\/wp-json\/wp\/v2\/pages\/1290\/revisions\/8167"}],"wp:attachment":[{"href":"https:\/\/www.loscincolinajes.com\/v2\/wp-json\/wp\/v2\/media?parent=1290"}],"curies":[{"name":"wp","href":"https:\/\/api.w.org\/{rel}","templated":true}]}}